{"id":1971,"date":"2018-04-04T23:30:55","date_gmt":"2018-04-04T21:30:55","guid":{"rendered":"http:\/\/greenmill.prorozyn.pl\/o-nas\/"},"modified":"2022-09-09T16:44:42","modified_gmt":"2022-09-09T14:44:42","slug":"about-us","status":"publish","type":"page","link":"https:\/\/greenmill.pl\/en\/about-us\/","title":{"rendered":"About us"},"content":{"rendered":"","protected":false},"excerpt":{"rendered":"","protected":false},"author":1,"featured_media":0,"parent":0,"menu_order":0,"comment_status":"closed","ping_status":"closed","template":"page-greenmill-20-lat.php","meta":{"_acf_changed":false,"footnotes":""},"class_list":["post-1971","page","type-page","status-publish","hentry"],"acf":[],"yoast_head":"<!-- This site is optimized with the Yoast SEO plugin v27.3 - https:\/\/yoast.com\/product\/yoast-seo-wordpress\/ -->\n<title>About us - Greenmill<\/title>\n<meta name=\"robots\" content=\"index, follow, max-snippet:-1, max-image-preview:large, max-video-preview:-1\" \/>\n<link rel=\"canonical\" href=\"https:\/\/greenmill.pl\/en\/about-us\/\" \/>\n<meta property=\"og:locale\" content=\"en_US\" \/>\n<meta property=\"og:type\" content=\"article\" \/>\n<meta property=\"og:title\" content=\"About us - Greenmill\" \/>\n<meta property=\"og:url\" content=\"https:\/\/greenmill.pl\/en\/about-us\/\" \/>\n<meta property=\"og:site_name\" content=\"Greenmill\" \/>\n<meta property=\"article:modified_time\" content=\"2022-09-09T14:44:42+00:00\" \/>\n<meta name=\"twitter:card\" content=\"summary_large_image\" \/>\n<script type=\"application\/ld+json\" class=\"yoast-schema-graph\">{\"@context\":\"https:\\\/\\\/schema.org\",\"@graph\":[{\"@type\":\"WebPage\",\"@id\":\"https:\\\/\\\/greenmill.pl\\\/en\\\/about-us\\\/\",\"url\":\"https:\\\/\\\/greenmill.pl\\\/en\\\/about-us\\\/\",\"name\":\"About us - Greenmill\",\"isPartOf\":{\"@id\":\"https:\\\/\\\/greenmill.pl\\\/en\\\/#website\"},\"datePublished\":\"2018-04-04T21:30:55+00:00\",\"dateModified\":\"2022-09-09T14:44:42+00:00\",\"breadcrumb\":{\"@id\":\"https:\\\/\\\/greenmill.pl\\\/en\\\/about-us\\\/#breadcrumb\"},\"inLanguage\":\"en-US\",\"potentialAction\":[{\"@type\":\"ReadAction\",\"target\":[\"https:\\\/\\\/greenmill.pl\\\/en\\\/about-us\\\/\"]}]},{\"@type\":\"BreadcrumbList\",\"@id\":\"https:\\\/\\\/greenmill.pl\\\/en\\\/about-us\\\/#breadcrumb\",\"itemListElement\":[{\"@type\":\"ListItem\",\"position\":1,\"name\":\"Strona g\u0142\u00f3wna\",\"item\":\"https:\\\/\\\/greenmill.pl\\\/en\\\/\"},{\"@type\":\"ListItem\",\"position\":2,\"name\":\"About us\"}]},{\"@type\":\"WebSite\",\"@id\":\"https:\\\/\\\/greenmill.pl\\\/en\\\/#website\",\"url\":\"https:\\\/\\\/greenmill.pl\\\/en\\\/\",\"name\":\"Greenmill\",\"description\":\"Profesjonalny sprz\u0119t do \u017cywop\u0142ot\u00f3w\",\"potentialAction\":[{\"@type\":\"SearchAction\",\"target\":{\"@type\":\"EntryPoint\",\"urlTemplate\":\"https:\\\/\\\/greenmill.pl\\\/en\\\/?s={search_term_string}\"},\"query-input\":{\"@type\":\"PropertyValueSpecification\",\"valueRequired\":true,\"valueName\":\"search_term_string\"}}],\"inLanguage\":\"en-US\"}]}<\/script>\n<!-- \/ Yoast SEO plugin. -->","yoast_head_json":{"title":"About us - Greenmill","robots":{"index":"index","follow":"follow","max-snippet":"max-snippet:-1","max-image-preview":"max-image-preview:large","max-video-preview":"max-video-preview:-1"},"canonical":"https:\/\/greenmill.pl\/en\/about-us\/","og_locale":"en_US","og_type":"article","og_title":"About us - Greenmill","og_url":"https:\/\/greenmill.pl\/en\/about-us\/","og_site_name":"Greenmill","article_modified_time":"2022-09-09T14:44:42+00:00","twitter_card":"summary_large_image","schema":{"@context":"https:\/\/schema.org","@graph":[{"@type":"WebPage","@id":"https:\/\/greenmill.pl\/en\/about-us\/","url":"https:\/\/greenmill.pl\/en\/about-us\/","name":"About us - Greenmill","isPartOf":{"@id":"https:\/\/greenmill.pl\/en\/#website"},"datePublished":"2018-04-04T21:30:55+00:00","dateModified":"2022-09-09T14:44:42+00:00","breadcrumb":{"@id":"https:\/\/greenmill.pl\/en\/about-us\/#breadcrumb"},"inLanguage":"en-US","potentialAction":[{"@type":"ReadAction","target":["https:\/\/greenmill.pl\/en\/about-us\/"]}]},{"@type":"BreadcrumbList","@id":"https:\/\/greenmill.pl\/en\/about-us\/#breadcrumb","itemListElement":[{"@type":"ListItem","position":1,"name":"Strona g\u0142\u00f3wna","item":"https:\/\/greenmill.pl\/en\/"},{"@type":"ListItem","position":2,"name":"About us"}]},{"@type":"WebSite","@id":"https:\/\/greenmill.pl\/en\/#website","url":"https:\/\/greenmill.pl\/en\/","name":"Greenmill","description":"Profesjonalny sprz\u0119t do \u017cywop\u0142ot\u00f3w","potentialAction":[{"@type":"SearchAction","target":{"@type":"EntryPoint","urlTemplate":"https:\/\/greenmill.pl\/en\/?s={search_term_string}"},"query-input":{"@type":"PropertyValueSpecification","valueRequired":true,"valueName":"search_term_string"}}],"inLanguage":"en-US"}]}},"_links":{"self":[{"href":"https:\/\/greenmill.pl\/en\/wp-json\/wp\/v2\/pages\/1971","targetHints":{"allow":["GET"]}}],"collection":[{"href":"https:\/\/greenmill.pl\/en\/wp-json\/wp\/v2\/pages"}],"about":[{"href":"https:\/\/greenmill.pl\/en\/wp-json\/wp\/v2\/types\/page"}],"author":[{"embeddable":true,"href":"https:\/\/greenmill.pl\/en\/wp-json\/wp\/v2\/users\/1"}],"replies":[{"embeddable":true,"href":"https:\/\/greenmill.pl\/en\/wp-json\/wp\/v2\/comments?post=1971"}],"version-history":[{"count":1,"href":"https:\/\/greenmill.pl\/en\/wp-json\/wp\/v2\/pages\/1971\/revisions"}],"predecessor-version":[{"id":1973,"href":"https:\/\/greenmill.pl\/en\/wp-json\/wp\/v2\/pages\/1971\/revisions\/1973"}],"wp:attachment":[{"href":"https:\/\/greenmill.pl\/en\/wp-json\/wp\/v2\/media?parent=1971"}],"curies":[{"name":"wp","href":"https:\/\/api.w.org\/{rel}","templated":true}]}}